{"id":149,"date":"2026-04-10T05:43:58","date_gmt":"2026-04-10T05:43:58","guid":{"rendered":"https:\/\/hanbali.org\/?page_id=149"},"modified":"2026-04-10T05:43:58","modified_gmt":"2026-04-10T05:43:58","slug":"publications-of-shaykh-abu-najm","status":"publish","type":"page","link":"https:\/\/hanbali.org\/?page_id=149","title":{"rendered":"Publications of Shaykh Abu Najm"},"content":{"rendered":"\n<div class=\"wp-block-group alignfull is-style-ext-preset--group--natural-1--section has-background-background-color has-background is-layout-constrained wp-container-core-group-is-layout-e955bbaf wp-block-group-is-layout-constrained\" style=\"margin-top:0;margin-bottom:0;padding-top:var(--wp--preset--spacing--70);padding-bottom:var(--wp--preset--spacing--70)\">\n<h2 class=\"wp-block-heading has-text-align-center ext-animate--on\">Islamic Texts<\/h2>\n\n\n\n<p class=\"has-text-align-center ext-animate--on\" style=\"margin-top:1.5rem\">Free to download, below are a collection of some of the books that Shaykh Abu Najm has worked on in different capacities.<\/p>\n<\/div>\n\n\n\n<p><\/p>\n\n\n\n<div class=\"wp-block-group alignfull is-style-ext-preset--group--natural-1--section has-background-background-color has-background is-layout-constrained wp-container-core-group-is-layout-e955bbaf wp-block-group-is-layout-constrained\" style=\"margin-top:0;margin-bottom:0;padding-top:var(--wp--preset--spacing--70);padding-bottom:var(--wp--preset--spacing--70)\">\n<div class=\"wp-block-columns alignwide are-vertically-aligned-center is-layout-flex wp-container-core-columns-is-layout-174606dc wp-block-columns-is-layout-flex\">\n<div class=\"wp-block-column is-vertically-aligned-center ext-animate--on is-layout-flow wp-block-column-is-layout-flow\">\n<h3 class=\"wp-block-heading\">The Cure for Evil Eye &amp; Envy<\/h3>\n\n\n\n<p style=\"margin-top:1.5rem\">*New* A parallel Arabic-English translation of the treatise \u201cThe Cure for Evil Eye &amp; Envy,\u201d by the Imam of Masjid Sulayman in Jeddah, Saudi Arabia and famous Raaqi- Shaykh Khalid al-Hibshi.<\/p>\n\n\n\n<p style=\"margin-top:1.5rem\">Translated, edited and designed to appear like the original by Shaykh Abu Najm.<\/p>\n<\/div>\n\n\n\n<div class=\"wp-block-column is-vertically-aligned-center ext-animate--on is-layout-flow wp-block-column-is-layout-flow\">\n<figure class=\"wp-block-image size-full is-style-ext-preset--image--natural-1--image-1--content-left extendify-image-import\"><a href=\"https:\/\/hanbali.org\/wp-content\/uploads\/2026\/04\/TheCureForEvilEyeAndEnvy.pdf\"><img loading=\"lazy\" decoding=\"async\" width=\"552\" height=\"718\" src=\"https:\/\/hanbali.org\/wp-content\/uploads\/2026\/04\/EvilEye.png\" alt=\"\" class=\"wp-image-158\" style=\"aspect-ratio:3\/4;object-fit:cover\" srcset=\"https:\/\/hanbali.org\/wp-content\/uploads\/2026\/04\/EvilEye.png 552w, https:\/\/hanbali.org\/wp-content\/uploads\/2026\/04\/EvilEye-231x300.png 231w\" sizes=\"auto, (max-width: 552px) 100vw, 552px\" \/><\/a><\/figure>\n<\/div>\n<\/div>\n\n\n\n<div class=\"wp-block-columns alignwide are-vertically-aligned-center is-layout-flex wp-container-core-columns-is-layout-ed161d23 wp-block-columns-is-layout-flex\" style=\"margin-top:var(--wp--preset--spacing--50)\">\n<div class=\"wp-block-column is-vertically-aligned-center ext-animate--on is-layout-flow wp-block-column-is-layout-flow\">\n<figure class=\"wp-block-image size-full is-resized is-style-ext-preset--image--natural-1--image-1--content-right extendify-image-import\"><a href=\"https:\/\/hanbali.org\/wp-content\/uploads\/2026\/04\/NasikhEnglish.pdf\"><img loading=\"lazy\" decoding=\"async\" width=\"285\" height=\"371\" src=\"https:\/\/hanbali.org\/wp-content\/uploads\/2026\/04\/Abrogation.png\" alt=\"\" class=\"wp-image-154\" style=\"aspect-ratio:0.75;object-fit:cover;width:514px;height:auto\" srcset=\"https:\/\/hanbali.org\/wp-content\/uploads\/2026\/04\/Abrogation.png 285w, https:\/\/hanbali.org\/wp-content\/uploads\/2026\/04\/Abrogation-230x300.png 230w\" sizes=\"auto, (max-width: 285px) 100vw, 285px\" \/><\/a><\/figure>\n<\/div>\n\n\n\n<div class=\"wp-block-column is-vertically-aligned-center ext-animate--on is-layout-flow wp-block-column-is-layout-flow\">\n<h3 class=\"wp-block-heading\">Gift-Giving of the Scholars: Abrogation in the Quran<\/h3>\n\n\n\n<p class=\"ext-animate--on\" style=\"margin-top:1.5rem\">An English-Arabic translation of the 20-line poem by al-Hafiz ash-Shaykh al-Ibiyari containing references to all abrogated verses in the Quran. Also, contains an English translation for the explanation of the poem by Shaykh Dr. Walid bin Idris al-Meneese and an English-Arabic translation of the 10-line poem by al-Imam as-Suyuti.<\/p>\n\n\n\n<p class=\"ext-animate--on\" style=\"margin-top:1.5rem\">Translated &amp; Edited to appear like the Arabic original by Shaykh Abu Najm.<\/p>\n<\/div>\n<\/div>\n\n\n\n<div class=\"wp-block-columns alignwide are-vertically-aligned-center is-layout-flex wp-container-core-columns-is-layout-ed161d23 wp-block-columns-is-layout-flex\" style=\"margin-top:var(--wp--preset--spacing--50)\">\n<div class=\"wp-block-column is-vertically-aligned-center ext-animate--on is-layout-flow wp-block-column-is-layout-flow\">\n<h3 class=\"wp-block-heading\">Explaining the Five Major Maxims of Fiqh<\/h3>\n\n\n\n<p style=\"margin-top:1.5rem\">An Arabic to English translation of a commentary on the five major legal maxims in the principles of Islamic jurisprudence.<\/p>\n\n\n\n<p style=\"margin-top:1.5rem\">Translated by Shaykh Abu Najm.<\/p>\n<\/div>\n\n\n\n<div class=\"wp-block-column is-vertically-aligned-center ext-animate--on is-layout-flow wp-block-column-is-layout-flow\">\n<figure class=\"wp-block-image size-full is-resized is-style-ext-preset--image--natural-1--image-1--content-left extendify-image-import\"><a href=\"https:\/\/hanbali.org\/wp-content\/uploads\/2026\/04\/Five-Major-Juristic-Maxims_Final.pdf\"><img loading=\"lazy\" decoding=\"async\" width=\"284\" height=\"432\" src=\"https:\/\/hanbali.org\/wp-content\/uploads\/2026\/04\/5-Maxims.png\" alt=\"\" class=\"wp-image-157\" style=\"aspect-ratio:0.75;object-fit:cover;width:482px;height:auto\" srcset=\"https:\/\/hanbali.org\/wp-content\/uploads\/2026\/04\/5-Maxims.png 284w, https:\/\/hanbali.org\/wp-content\/uploads\/2026\/04\/5-Maxims-197x300.png 197w\" sizes=\"auto, (max-width: 284px) 100vw, 284px\" \/><\/a><\/figure>\n<\/div>\n<\/div>\n<\/div>\n\n\n\n<div class=\"wp-block-group alignfull is-style-ext-preset--group--natural-1--section has-background-background-color has-background is-layout-constrained wp-container-core-group-is-layout-e955bbaf wp-block-group-is-layout-constrained\" style=\"margin-top:0;margin-bottom:0;padding-top:var(--wp--preset--spacing--70);padding-bottom:var(--wp--preset--spacing--70)\">\n<div class=\"wp-block-columns alignwide are-vertically-aligned-center is-layout-flex wp-container-core-columns-is-layout-ed161d23 wp-block-columns-is-layout-flex\" style=\"margin-top:var(--wp--preset--spacing--50)\">\n<div class=\"wp-block-column is-vertically-aligned-center ext-animate--on is-layout-flow wp-block-column-is-layout-flow\">\n<figure class=\"wp-block-image size-full is-resized is-style-ext-preset--image--natural-1--image-1--content-right extendify-image-import\"><a href=\"https:\/\/hanbali.org\/wp-content\/uploads\/2026\/04\/IbnMibrad_40HadithAbiHanifah.pdf\"><img loading=\"lazy\" decoding=\"async\" width=\"286\" height=\"368\" src=\"https:\/\/hanbali.org\/wp-content\/uploads\/2026\/04\/40-Abu-Hanifah.png\" alt=\"\" class=\"wp-image-155\" style=\"aspect-ratio:0.75;object-fit:cover;width:514px;height:auto\" srcset=\"https:\/\/hanbali.org\/wp-content\/uploads\/2026\/04\/40-Abu-Hanifah.png 286w, https:\/\/hanbali.org\/wp-content\/uploads\/2026\/04\/40-Abu-Hanifah-233x300.png 233w\" sizes=\"auto, (max-width: 286px) 100vw, 286px\" \/><\/a><\/figure>\n<\/div>\n\n\n\n<div class=\"wp-block-column is-vertically-aligned-center ext-animate--on is-layout-flow wp-block-column-is-layout-flow\">\n<h3 class=\"wp-block-heading\">40 Hadith of al-Imam Abu Hanifah<\/h3>\n\n\n\n<p class=\"ext-animate--on\" style=\"margin-top:1.5rem\">An English translation of Ibn al-Mibrad al-Hanbali\u2019s compilation of forty narrations on authority of al-Imam Abu Hanifah.<\/p>\n\n\n\n<p class=\"ext-animate--on\" style=\"margin-top:1.5rem\">Translated, Designed, and Edited by Shaykh Abu Najm.<\/p>\n<\/div>\n<\/div>\n\n\n\n<div class=\"wp-block-columns alignwide are-vertically-aligned-center is-layout-flex wp-container-core-columns-is-layout-ed161d23 wp-block-columns-is-layout-flex\" style=\"margin-top:var(--wp--preset--spacing--50)\">\n<div class=\"wp-block-column is-vertically-aligned-center ext-animate--on is-layout-flow wp-block-column-is-layout-flow\">\n<h3 class=\"wp-block-heading\">The Introduction to Sahih Muslim<\/h3>\n\n\n\n<p style=\"margin-top:1.5rem\">A parallel English-Arabic translation of the introduction to the second most authentic book next to the Book of Allah and Sahih al-Bukhari, <em>Sahih Muslim<\/em>. For the translation I relied on the comprehensive 1,000 page Sharh authored by Muhammad bin Ali bin Adam bin Musa al-Ithiobi called <em>Qurratu Ayn al-Muhtaj fi Sharh Muqaddimat Sahih al-Imam Muslim bin al-Hajjaj<\/em>.<\/p>\n\n\n\n<p style=\"margin-top:1.5rem\">This translation is featured on popular websites Kalamullah.com and Sunnah.com.<\/p>\n\n\n\n<p style=\"margin-top:1.5rem\">Translated by Shaykh Abu Najm.<\/p>\n<\/div>\n\n\n\n<div class=\"wp-block-column is-vertically-aligned-center ext-animate--on is-layout-flow wp-block-column-is-layout-flow\">\n<figure class=\"wp-block-image size-full is-resized is-style-ext-preset--image--natural-1--image-1--content-left extendify-image-import\"><a href=\"https:\/\/hanbali.org\/wp-content\/uploads\/2026\/04\/muqaddimah-sahih-muslim1.pdf\"><img loading=\"lazy\" decoding=\"async\" width=\"948\" height=\"731\" src=\"https:\/\/hanbali.org\/wp-content\/uploads\/2026\/04\/Muqaddimah.png\" alt=\"\" class=\"wp-image-150\" style=\"aspect-ratio:0.75;object-fit:cover;width:482px;height:auto\" srcset=\"https:\/\/hanbali.org\/wp-content\/uploads\/2026\/04\/Muqaddimah.png 948w, https:\/\/hanbali.org\/wp-content\/uploads\/2026\/04\/Muqaddimah-300x231.png 300w, https:\/\/hanbali.org\/wp-content\/uploads\/2026\/04\/Muqaddimah-768x592.png 768w\" sizes=\"auto, (max-width: 948px) 100vw, 948px\" \/><\/a><\/figure>\n<\/div>\n<\/div>\n<\/div>\n\n\n\n<div class=\"wp-block-group alignfull is-style-ext-preset--group--natural-1--section has-background-background-color has-background is-layout-constrained wp-container-core-group-is-layout-e955bbaf wp-block-group-is-layout-constrained\" style=\"margin-top:0;margin-bottom:0;padding-top:var(--wp--preset--spacing--70);padding-bottom:var(--wp--preset--spacing--70)\">\n<div class=\"wp-block-columns alignwide are-vertically-aligned-center is-layout-flex wp-container-core-columns-is-layout-ed161d23 wp-block-columns-is-layout-flex\" style=\"margin-top:var(--wp--preset--spacing--50)\">\n<div class=\"wp-block-column is-vertically-aligned-center ext-animate--on is-layout-flow wp-block-column-is-layout-flow\">\n<figure class=\"wp-block-image size-full is-resized is-style-ext-preset--image--natural-1--image-1--content-right extendify-image-import\"><a href=\"https:\/\/hanbali.org\/wp-content\/uploads\/2026\/04\/description-of-hyprocrisy.pdf\"><img loading=\"lazy\" decoding=\"async\" width=\"283\" height=\"355\" src=\"https:\/\/hanbali.org\/wp-content\/uploads\/2026\/04\/Hypocrisy.png\" alt=\"\" class=\"wp-image-151\" style=\"aspect-ratio:0.75;object-fit:cover;width:514px;height:auto\" srcset=\"https:\/\/hanbali.org\/wp-content\/uploads\/2026\/04\/Hypocrisy.png 283w, https:\/\/hanbali.org\/wp-content\/uploads\/2026\/04\/Hypocrisy-239x300.png 239w\" sizes=\"auto, (max-width: 283px) 100vw, 283px\" \/><\/a><\/figure>\n<\/div>\n\n\n\n<div class=\"wp-block-column is-vertically-aligned-center ext-animate--on is-layout-flow wp-block-column-is-layout-flow\">\n<h3 class=\"wp-block-heading\">The Attribute of Hypocrisy<\/h3>\n\n\n\n<p class=\"ext-animate--on\" style=\"margin-top:1.5rem\">A parallel English-Arabic translation of the 3rd century text authored by \u2018Ab\u016b Bakr Ja`far bin Muhammad bin il-\u1e24asan bin il-Mustaf\u0101\u1e0d al-Firy\u0101b\u012b <em>al-Q\u0101\u1e0d\u012b<\/em>. This book is comprised of 111 narrations and reports containing descriptions by which those possessing them are deemed Hypocrites and it also contains reports dealing with the danger of a person believing he is safe from Hypocrisy. The footnotes provided are translated and adapted from the Ta\u1e25q\u012bq done by `Abd al-Raq\u012bb bin `Al\u012b.<\/p>\n\n\n\n<p class=\"ext-animate--on\" style=\"margin-top:1.5rem\">Translated, Designed, and Edited by Shaykh Abu Najm.<\/p>\n<\/div>\n<\/div>\n\n\n\n<div class=\"wp-block-columns alignwide are-vertically-aligned-center is-layout-flex wp-container-core-columns-is-layout-ed161d23 wp-block-columns-is-layout-flex\" style=\"margin-top:var(--wp--preset--spacing--50)\">\n<div class=\"wp-block-column is-vertically-aligned-center ext-animate--on is-layout-flow wp-block-column-is-layout-flow\">\n<h3 class=\"wp-block-heading\">Nukhbat ul-Fikar<\/h3>\n\n\n\n<p style=\"margin-top:1.5rem\">An English-Arabic translation of Ibn Hajar\u2019s famous book on Hadith terminology, Nukhbat al-Fikar fi Mustalah Ahl al-Athar.<\/p>\n\n\n\n<p style=\"margin-top:1.5rem\">Translated by Shaykh Abu Najm.<\/p>\n<\/div>\n\n\n\n<div class=\"wp-block-column is-vertically-aligned-center ext-animate--on is-layout-flow wp-block-column-is-layout-flow\">\n<figure class=\"wp-block-image size-full is-resized is-style-ext-preset--image--natural-1--image-1--content-left extendify-image-import\"><a href=\"https:\/\/hanbali.org\/wp-content\/uploads\/2026\/04\/NukhbatAl_fikr.pdf\"><img loading=\"lazy\" decoding=\"async\" width=\"283\" height=\"369\" src=\"https:\/\/hanbali.org\/wp-content\/uploads\/2026\/04\/Nukhbat-Fikar.png\" alt=\"\" class=\"wp-image-156\" style=\"aspect-ratio:0.75;object-fit:cover;width:482px;height:auto\" srcset=\"https:\/\/hanbali.org\/wp-content\/uploads\/2026\/04\/Nukhbat-Fikar.png 283w, https:\/\/hanbali.org\/wp-content\/uploads\/2026\/04\/Nukhbat-Fikar-230x300.png 230w\" sizes=\"auto, (max-width: 283px) 100vw, 283px\" \/><\/a><\/figure>\n<\/div>\n<\/div>\n<\/div>\n\n\n\n<div class=\"wp-block-group alignfull is-style-ext-preset--group--natural-1--section has-background-background-color has-background is-layout-constrained wp-container-core-group-is-layout-e955bbaf wp-block-group-is-layout-constrained\" style=\"margin-top:0;margin-bottom:0;padding-top:var(--wp--preset--spacing--70);padding-bottom:var(--wp--preset--spacing--70)\">\n<div class=\"wp-block-columns alignwide are-vertically-aligned-center is-layout-flex wp-container-core-columns-is-layout-ed161d23 wp-block-columns-is-layout-flex\" style=\"margin-top:var(--wp--preset--spacing--50)\">\n<div class=\"wp-block-column is-vertically-aligned-center ext-animate--on is-layout-flow wp-block-column-is-layout-flow\">\n<figure class=\"wp-block-image size-full is-resized is-style-ext-preset--image--natural-1--image-1--content-right extendify-image-import\"><a href=\"https:\/\/hanbali.org\/wp-content\/uploads\/2026\/04\/Beneficial-Summary-New-Muslims.pdf\"><img loading=\"lazy\" decoding=\"async\" width=\"284\" height=\"407\" src=\"https:\/\/hanbali.org\/wp-content\/uploads\/2026\/04\/New-Muslims.png\" alt=\"\" class=\"wp-image-152\" style=\"aspect-ratio:0.75;object-fit:cover;width:514px;height:auto\" srcset=\"https:\/\/hanbali.org\/wp-content\/uploads\/2026\/04\/New-Muslims.png 284w, https:\/\/hanbali.org\/wp-content\/uploads\/2026\/04\/New-Muslims-209x300.png 209w\" sizes=\"auto, (max-width: 284px) 100vw, 284px\" \/><\/a><\/figure>\n<\/div>\n\n\n\n<div class=\"wp-block-column is-vertically-aligned-center ext-animate--on is-layout-flow wp-block-column-is-layout-flow\">\n<h3 class=\"wp-block-heading\">Rulings for New Muslims<\/h3>\n\n\n\n<p class=\"ext-animate--on\" style=\"margin-top:1.5rem\">A comprehensive book of Fiqh rulings with simple and clear explanations. Produced by the the Ministry of Endowment and Islamic Affairs in the State of Kuwait.<\/p>\n\n\n\n<p class=\"ext-animate--on\" style=\"margin-top:1.5rem\">Translated by Shaykh Muhammad Daniel and verified by Shaykh Abu Najm.<\/p>\n<\/div>\n<\/div>\n\n\n\n<div class=\"wp-block-columns alignwide are-vertically-aligned-center is-layout-flex wp-container-core-columns-is-layout-ed161d23 wp-block-columns-is-layout-flex\" style=\"margin-top:var(--wp--preset--spacing--50)\">\n<div class=\"wp-block-column is-vertically-aligned-center ext-animate--on is-layout-flow wp-block-column-is-layout-flow\">\n<h3 class=\"wp-block-heading\">Provisions for the Hereafter<\/h3>\n\n\n\n<p style=\"margin-top:1.5rem\">A 102-page parallel Arabic-English translation of select passages from Ibn Qayyim\u2019s <em>Zad al-Ma\u2019ad<\/em> with commentary, references, and grades for the text. Supervised by Dr. Fadi Kablawi, with an approval and foreword written by Shaykh Dr. Waleed al-Maneese.<\/p>\n\n\n\n<p style=\"margin-top:1.5rem\">Translated, Edited, Designed, and Published by Shaykh Abu Najm.<\/p>\n<\/div>\n\n\n\n<div class=\"wp-block-column is-vertically-aligned-center ext-animate--on is-layout-flow wp-block-column-is-layout-flow\">\n<figure class=\"wp-block-image size-full is-resized is-style-ext-preset--image--natural-1--image-1--content-left extendify-image-import\"><a href=\"https:\/\/hanbali.org\/wp-content\/uploads\/2026\/04\/select-topics-from-the-book-provisions-for-the-hereafter.pdf\"><img loading=\"lazy\" decoding=\"async\" width=\"514\" height=\"774\" src=\"https:\/\/hanbali.org\/wp-content\/uploads\/2026\/04\/Zad-Maad.png\" alt=\"\" class=\"wp-image-153\" style=\"aspect-ratio:0.75;object-fit:cover;width:482px;height:auto\" srcset=\"https:\/\/hanbali.org\/wp-content\/uploads\/2026\/04\/Zad-Maad.png 514w, https:\/\/hanbali.org\/wp-content\/uploads\/2026\/04\/Zad-Maad-199x300.png 199w\" sizes=\"auto, (max-width: 514px) 100vw, 514px\" \/><\/a><\/figure>\n<\/div>\n<\/div>\n<\/div>\n","protected":false},"excerpt":{"rendered":"<p>Islamic Texts Free to download, below are a collection of some of the books that Shaykh Abu Najm has worked on in different capacities. The Cure for Evil Eye &amp; Envy *New* A parallel Arabic-English translation of the treatise \u201cThe Cure for Evil Eye &amp; Envy,\u201d by the Imam of Masjid Sulayman in Jeddah, Saudi [&hellip;]<\/p>\n","protected":false},"author":1,"featured_media":0,"parent":0,"menu_order":0,"comment_status":"closed","ping_status":"closed","template":"","meta":{"footnotes":""},"class_list":["post-149","page","type-page","status-publish","hentry"],"_links":{"self":[{"href":"https:\/\/hanbali.org\/index.php?rest_route=\/wp\/v2\/pages\/149","targetHints":{"allow":["GET"]}}],"collection":[{"href":"https:\/\/hanbali.org\/index.php?rest_route=\/wp\/v2\/pages"}],"about":[{"href":"https:\/\/hanbali.org\/index.php?rest_route=\/wp\/v2\/types\/page"}],"author":[{"embeddable":true,"href":"https:\/\/hanbali.org\/index.php?rest_route=\/wp\/v2\/users\/1"}],"replies":[{"embeddable":true,"href":"https:\/\/hanbali.org\/index.php?rest_route=%2Fwp%2Fv2%2Fcomments&post=149"}],"version-history":[{"count":1,"href":"https:\/\/hanbali.org\/index.php?rest_route=\/wp\/v2\/pages\/149\/revisions"}],"predecessor-version":[{"id":159,"href":"https:\/\/hanbali.org\/index.php?rest_route=\/wp\/v2\/pages\/149\/revisions\/159"}],"wp:attachment":[{"href":"https:\/\/hanbali.org\/index.php?rest_route=%2Fwp%2Fv2%2Fmedia&parent=149"}],"curies":[{"name":"wp","href":"https:\/\/api.w.org\/{rel}","templated":true}]}}